{"id":208,"date":"2022-04-13T15:41:37","date_gmt":"2022-04-13T15:41:37","guid":{"rendered":"http:\/\/sigmapro.mx\/blog\/?page_id=208"},"modified":"2022-04-18T13:15:15","modified_gmt":"2022-04-18T13:15:15","slug":"insignia-green-belt","status":"publish","type":"page","link":"http:\/\/sigmapro.mx\/blog\/insignia-green-belt\/","title":{"rendered":"Green Belt"},"content":{"rendered":"\t\t<div data-elementor-type=\"wp-page\" data-elementor-id=\"208\" class=\"elementor elementor-208\">\n\t\t\t\t\t\t\t\t\t<section class=\"elementor-section elementor-top-section elementor-element elementor-element-5f606b5 elementor-section-boxed elementor-section-height-default elementor-section-height-default\" data-id=\"5f606b5\" data-element_type=\"section\">\n\t\t\t\t\t\t<div class=\"elementor-container elementor-column-gap-default\">\n\t\t\t\t\t<div class=\"elementor-column elementor-col-100 elementor-top-column elementor-element elementor-element-4eaf4a8\" data-id=\"4eaf4a8\" data-element_type=\"column\">\n\t\t\t<div class=\"elementor-widget-wrap elementor-element-populated\">\n\t\t\t\t\t\t\t\t<div class=\"elementor-element elementor-element-cf60d9b elementor-widget elementor-widget-image\" data-id=\"cf60d9b\" data-element_type=\"widget\" data-widget_type=\"image.default\">\n\t\t\t\t<div class=\"elementor-widget-container\">\n\t\t\t<style>\/*! elementor - v3.6.2 - 04-04-2022 *\/\n.elementor-widget-image{text-align:center}.elementor-widget-image a{display:inline-block}.elementor-widget-image a img[src$=\".svg\"]{width:48px}.elementor-widget-image img{vertical-align:middle;display:inline-block}<\/style>\t\t\t\t\t\t\t\t\t\t\t\t<img width=\"300\" height=\"300\" src=\"http:\/\/sigmapro.mx\/blog\/wp-content\/uploads\/2022\/04\/Green-Belt-Badge-300x300.png\" class=\"attachment-medium size-medium\" alt=\"\" loading=\"lazy\" srcset=\"http:\/\/sigmapro.mx\/blog\/wp-content\/uploads\/2022\/04\/Green-Belt-Badge-300x300.png 300w, http:\/\/sigmapro.mx\/blog\/wp-content\/uploads\/2022\/04\/Green-Belt-Badge-150x150.png 150w, http:\/\/sigmapro.mx\/blog\/wp-content\/uploads\/2022\/04\/Green-Belt-Badge.png 600w\" sizes=\"(max-width: 300px) 100vw, 300px\" \/>\t\t\t\t\t\t\t\t\t\t\t\t\t\t\t<\/div>\n\t\t\t\t<\/div>\n\t\t\t\t<div class=\"elementor-element elementor-element-1602bd2 elementor-widget elementor-widget-heading\" data-id=\"1602bd2\" data-element_type=\"widget\" data-widget_type=\"heading.default\">\n\t\t\t\t<div class=\"elementor-widget-container\">\n\t\t\t<style>\/*! elementor - v3.6.2 - 04-04-2022 *\/\n.elementor-heading-title{padding:0;margin:0;line-height:1}.elementor-widget-heading .elementor-heading-title[class*=elementor-size-]>a{color:inherit;font-size:inherit;line-height:inherit}.elementor-widget-heading .elementor-heading-title.elementor-size-small{font-size:15px}.elementor-widget-heading .elementor-heading-title.elementor-size-medium{font-size:19px}.elementor-widget-heading .elementor-heading-title.elementor-size-large{font-size:29px}.elementor-widget-heading .elementor-heading-title.elementor-size-xl{font-size:39px}.elementor-widget-heading .elementor-heading-title.elementor-size-xxl{font-size:59px}<\/style><h1 class=\"elementor-heading-title elementor-size-default\">Certificaci\u00f3n Six Sigma Green Belt<\/h1>\t\t<\/div>\n\t\t\t\t<\/div>\n\t\t\t\t<div class=\"elementor-element elementor-element-fc9b484 elementor-widget elementor-widget-text-editor\" data-id=\"fc9b484\" data-element_type=\"widget\" data-widget_type=\"text-editor.default\">\n\t\t\t\t<div class=\"elementor-widget-container\">\n\t\t\t<style>\/*! elementor - v3.6.2 - 04-04-2022 *\/\n.elementor-widget-text-editor.elementor-drop-cap-view-stacked .elementor-drop-cap{background-color:#818a91;color:#fff}.elementor-widget-text-editor.elementor-drop-cap-view-framed .elementor-drop-cap{color:#818a91;border:3px solid;background-color:transparent}.elementor-widget-text-editor:not(.elementor-drop-cap-view-default) .elementor-drop-cap{margin-top:8px}.elementor-widget-text-editor:not(.elementor-drop-cap-view-default) .elementor-drop-cap-letter{width:1em;height:1em}.elementor-widget-text-editor .elementor-drop-cap{float:left;text-align:center;line-height:1;font-size:50px}.elementor-widget-text-editor .elementor-drop-cap-letter{display:inline-block}<\/style>\t\t\t\t<p>Programa de Certificaci\u00f3n de 64 horas, el participante obtiene el conocimiento pr\u00e1ctico al implementar Six Sigma, en un proyecto que genera ahorros, adquiriendo la experiencia para implementar la metodolog\u00eda. Son l\u00edderes de proyectos que impactan con ahorros de hasta 10 mil d\u00f3lares anuales solucionando problemas al implementar los fundamentos y herramientas de Six Sigma garantizando su continuidad.<\/p>\n<p><b>Criterios para obtener la certificaci\u00f3n:<\/b><\/p>\n<ul>\n<li>64 horas de capacitaci\u00f3n<\/li>\n<li>Implementaci\u00f3n de un proyecto real aplicando la metodolog\u00eda DMAIC con beneficio econ\u00f3mico demostrado<\/li>\n<li>Examen de certificaci\u00f3n APROBADO<\/li>\n<\/ul>\n<p><strong>Validez de la certificaci\u00f3n:<\/strong><\/p>\n<ul>\n<li>Certificaci\u00f3n Internacional<\/li>\n<li>Certificaci\u00f3n Permanente (no tiene vigencia)<\/li>\n<\/ul>\t\t\t\t\t\t<\/div>\n\t\t\t\t<\/div>\n\t\t\t\t\t<\/div>\n\t\t<\/div>\n\t\t\t\t\t\t\t<\/div>\n\t\t<\/section>\n\t\t\t\t\t\t\t<\/div>\n\t\t","protected":false},"excerpt":{"rendered":"<p>Certificaci\u00f3n Six Sigma Green Belt Programa de Certificaci\u00f3n de 64 horas, el participante obtiene el conocimiento pr\u00e1ctico al implementar Six Sigma, en un proyecto que genera ahorros, adquiriendo la experiencia para implementar la metodolog\u00eda. Son l\u00edderes de proyectos que impactan con ahorros de hasta 10 mil d\u00f3lares anuales solucionando problemas al implementar los fundamentos y &hellip;<\/p>\n<p class=\"read-more\"> <a class=\"\" href=\"http:\/\/sigmapro.mx\/blog\/insignia-green-belt\/\"> <span class=\"screen-reader-text\">Green Belt<\/span> Leer m\u00e1s &raquo;<\/a><\/p>\n","protected":false},"author":1,"featured_media":0,"parent":0,"menu_order":0,"comment_status":"closed","ping_status":"closed","template":"","meta":{"site-sidebar-layout":"no-sidebar","site-content-layout":"page-builder","ast-main-header-display":"","ast-hfb-above-header-display":"","ast-hfb-below-header-display":"","ast-hfb-mobile-header-display":"","site-post-title":"disabled","ast-breadcrumbs-content":"","ast-featured-img":"disabled","footer-sml-layout":"","theme-transparent-header-meta":"","adv-header-id-meta":"","stick-header-meta":"","header-above-stick-meta":"","header-main-stick-meta":"","header-below-stick-meta":""},"_links":{"self":[{"href":"http:\/\/sigmapro.mx\/blog\/wp-json\/wp\/v2\/pages\/208"}],"collection":[{"href":"http:\/\/sigmapro.mx\/blog\/wp-json\/wp\/v2\/pages"}],"about":[{"href":"http:\/\/sigmapro.mx\/blog\/wp-json\/wp\/v2\/types\/page"}],"author":[{"embeddable":true,"href":"http:\/\/sigmapro.mx\/blog\/wp-json\/wp\/v2\/users\/1"}],"replies":[{"embeddable":true,"href":"http:\/\/sigmapro.mx\/blog\/wp-json\/wp\/v2\/comments?post=208"}],"version-history":[{"count":13,"href":"http:\/\/sigmapro.mx\/blog\/wp-json\/wp\/v2\/pages\/208\/revisions"}],"predecessor-version":[{"id":281,"href":"http:\/\/sigmapro.mx\/blog\/wp-json\/wp\/v2\/pages\/208\/revisions\/281"}],"wp:attachment":[{"href":"http:\/\/sigmapro.mx\/blog\/wp-json\/wp\/v2\/media?parent=208"}],"curies":[{"name":"wp","href":"https:\/\/api.w.org\/{rel}","templated":true}]}}