{"id":350,"date":"2022-04-19T15:31:40","date_gmt":"2022-04-19T15:31:40","guid":{"rendered":"http:\/\/sigmapro.mx\/blog\/?page_id=350"},"modified":"2022-04-20T00:25:25","modified_gmt":"2022-04-20T00:25:25","slug":"aula-virtual","status":"publish","type":"page","link":"http:\/\/sigmapro.mx\/blog\/aula-virtual\/","title":{"rendered":"Aula Virtual"},"content":{"rendered":"\t\t<div data-elementor-type=\"wp-page\" data-elementor-id=\"350\" class=\"elementor elementor-350\">\n\t\t\t\t\t\t\t\t\t<section class=\"elementor-section elementor-top-section elementor-element elementor-element-fe16fd5 elementor-section-full_width elementor-hidden-mobile elementor-section-height-default elementor-section-height-default\" data-id=\"fe16fd5\" data-element_type=\"section\">\n\t\t\t\t\t\t<div class=\"elementor-container elementor-column-gap-default\">\n\t\t\t\t\t<div class=\"elementor-column elementor-col-100 elementor-top-column elementor-element elementor-element-5b6fcf5\" data-id=\"5b6fcf5\" data-element_type=\"column\">\n\t\t\t<div class=\"elementor-widget-wrap elementor-element-populated\">\n\t\t\t\t\t\t\t\t<div class=\"elementor-element elementor-element-938b060 elementor-widget elementor-widget-image\" data-id=\"938b060\" data-element_type=\"widget\" data-widget_type=\"image.default\">\n\t\t\t\t<div class=\"elementor-widget-container\">\n\t\t\t<style>\/*! elementor - v3.6.2 - 04-04-2022 *\/\n.elementor-widget-image{text-align:center}.elementor-widget-image a{display:inline-block}.elementor-widget-image a img[src$=\".svg\"]{width:48px}.elementor-widget-image img{vertical-align:middle;display:inline-block}<\/style>\t\t\t\t\t\t\t\t\t\t\t\t<img width=\"1167\" height=\"331\" src=\"http:\/\/sigmapro.mx\/blog\/wp-content\/uploads\/2022\/04\/1734.jpg\" class=\"attachment-full size-full\" alt=\"\" loading=\"lazy\" srcset=\"http:\/\/sigmapro.mx\/blog\/wp-content\/uploads\/2022\/04\/1734.jpg 1167w, http:\/\/sigmapro.mx\/blog\/wp-content\/uploads\/2022\/04\/1734-300x85.jpg 300w, http:\/\/sigmapro.mx\/blog\/wp-content\/uploads\/2022\/04\/1734-1024x290.jpg 1024w, http:\/\/sigmapro.mx\/blog\/wp-content\/uploads\/2022\/04\/1734-768x218.jpg 768w\" sizes=\"(max-width: 1167px) 100vw, 1167px\" \/>\t\t\t\t\t\t\t\t\t\t\t\t\t\t\t<\/div>\n\t\t\t\t<\/div>\n\t\t\t\t\t<\/div>\n\t\t<\/div>\n\t\t\t\t\t\t\t<\/div>\n\t\t<\/section>\n\t\t\t\t<section class=\"elementor-section elementor-top-section elementor-element elementor-element-513790b elementor-section-boxed elementor-section-height-default elementor-section-height-default\" data-id=\"513790b\" data-element_type=\"section\">\n\t\t\t\t\t\t<div class=\"elementor-container elementor-column-gap-default\">\n\t\t\t\t\t<div class=\"elementor-column elementor-col-33 elementor-top-column elementor-element elementor-element-dbe01b4\" data-id=\"dbe01b4\" data-element_type=\"column\">\n\t\t\t<div class=\"elementor-widget-wrap elementor-element-populated\">\n\t\t\t\t\t\t\t\t<div class=\"elementor-element elementor-element-bdbb183 elementor-position-top elementor-vertical-align-top elementor-widget elementor-widget-image-box\" data-id=\"bdbb183\" data-element_type=\"widget\" data-widget_type=\"image-box.default\">\n\t\t\t\t<div class=\"elementor-widget-container\">\n\t\t\t<style>\/*! elementor - v3.6.2 - 04-04-2022 *\/\n.elementor-widget-image-box .elementor-image-box-content{width:100%}@media (min-width:768px){.elementor-widget-image-box.elementor-position-left .elementor-image-box-wrapper,.elementor-widget-image-box.elementor-position-right .elementor-image-box-wrapper{display:-webkit-box;display:-ms-flexbox;display:flex}.elementor-widget-image-box.elementor-position-right .elementor-image-box-wrapper{text-align:right;-webkit-box-orient:horizontal;-webkit-box-direction:reverse;-ms-flex-direction:row-reverse;flex-direction:row-reverse}.elementor-widget-image-box.elementor-position-left .elementor-image-box-wrapper{text-align:left;-webkit-box-orient:horizontal;-webkit-box-direction:normal;-ms-flex-direction:row;flex-direction:row}.elementor-widget-image-box.elementor-position-top .elementor-image-box-img{margin:auto}.elementor-widget-image-box.elementor-vertical-align-top .elementor-image-box-wrapper{-webkit-box-align:start;-ms-flex-align:start;align-items:flex-start}.elementor-widget-image-box.elementor-vertical-align-middle .elementor-image-box-wrapper{-webkit-box-align:center;-ms-flex-align:center;align-items:center}.elementor-widget-image-box.elementor-vertical-align-bottom .elementor-image-box-wrapper{-webkit-box-align:end;-ms-flex-align:end;align-items:flex-end}}@media (max-width:767px){.elementor-widget-image-box .elementor-image-box-img{margin-left:auto!important;margin-right:auto!important;margin-bottom:15px}}.elementor-widget-image-box .elementor-image-box-img{display:inline-block}.elementor-widget-image-box .elementor-image-box-title a{color:inherit}.elementor-widget-image-box .elementor-image-box-wrapper{text-align:center}.elementor-widget-image-box .elementor-image-box-description{margin:0}<\/style><div class=\"elementor-image-box-wrapper\"><figure class=\"elementor-image-box-img\"><a href=\"http:\/\/sigmapro.mx\/blog\/implementa-six-sigma-en-5-pasos\/\"><img width=\"268\" height=\"209\" src=\"http:\/\/sigmapro.mx\/blog\/wp-content\/uploads\/2022\/04\/1754.jpg\" class=\"attachment-full size-full\" alt=\"\" loading=\"lazy\" \/><\/a><\/figure><div class=\"elementor-image-box-content\"><h3 class=\"elementor-image-box-title\"><a href=\"http:\/\/sigmapro.mx\/blog\/implementa-six-sigma-en-5-pasos\/\">Manos a la obra, implementa Six Sigma en 5 pasos<\/a><\/h3><p class=\"elementor-image-box-description\">Tomar decisiones inteligentes sobre que metodolog\u00eda aplicar a cada proyecto que atienda las oportunidades m\u00e1s evidentes es uno de los pasos m\u00e1s importantes en un despliegue.<\/p><\/div><\/div>\t\t<\/div>\n\t\t\t\t<\/div>\n\t\t\t\t\t<\/div>\n\t\t<\/div>\n\t\t\t\t<div class=\"elementor-column elementor-col-33 elementor-top-column elementor-element elementor-element-b789948\" data-id=\"b789948\" data-element_type=\"column\">\n\t\t\t<div class=\"elementor-widget-wrap elementor-element-populated\">\n\t\t\t\t\t\t\t\t<div class=\"elementor-element elementor-element-3e2404e elementor-position-top elementor-vertical-align-top elementor-widget elementor-widget-image-box\" data-id=\"3e2404e\" data-element_type=\"widget\" data-widget_type=\"image-box.default\">\n\t\t\t\t<div class=\"elementor-widget-container\">\n\t\t\t<div class=\"elementor-image-box-wrapper\"><figure class=\"elementor-image-box-img\"><a href=\"http:\/\/sigmapro.mx\/blog\/que-tan-lean-es-amazon\/\"><img width=\"289\" height=\"204\" src=\"http:\/\/sigmapro.mx\/blog\/wp-content\/uploads\/2022\/04\/1759.jpg\" class=\"attachment-full size-full\" alt=\"\" loading=\"lazy\" \/><\/a><\/figure><div class=\"elementor-image-box-content\"><h3 class=\"elementor-image-box-title\"><a href=\"http:\/\/sigmapro.mx\/blog\/que-tan-lean-es-amazon\/\">\u00bfQu\u00e9 tan Lean es Amazon?<\/a><\/h3><p class=\"elementor-image-box-description\">El fundador de Amazon, Jeff Bezos, ha citado con frecuencia el libro Lean Thinking de Jim Womack y Dan Jones como uno de sus libros de negocios favoritos, y en sus cartas anuales ha referido a andon cords, a los programas Kaizen y a la eliminaci\u00f3n de la causa fundamental de los errores. <\/p><\/div><\/div>\t\t<\/div>\n\t\t\t\t<\/div>\n\t\t\t\t\t<\/div>\n\t\t<\/div>\n\t\t\t\t<div class=\"elementor-column elementor-col-33 elementor-top-column elementor-element elementor-element-bd968ff\" data-id=\"bd968ff\" data-element_type=\"column\">\n\t\t\t<div class=\"elementor-widget-wrap elementor-element-populated\">\n\t\t\t\t\t\t\t\t<div class=\"elementor-element elementor-element-d511443 elementor-position-top elementor-vertical-align-top elementor-widget elementor-widget-image-box\" data-id=\"d511443\" data-element_type=\"widget\" data-widget_type=\"image-box.default\">\n\t\t\t\t<div class=\"elementor-widget-container\">\n\t\t\t<div class=\"elementor-image-box-wrapper\"><figure class=\"elementor-image-box-img\"><a href=\"http:\/\/sigmapro.mx\/blog\/lecciones-lean-de-cobra-kai-y-karate-kid\/\"><img width=\"334\" height=\"211\" src=\"http:\/\/sigmapro.mx\/blog\/wp-content\/uploads\/2022\/04\/4478.jpg\" class=\"attachment-full size-full\" alt=\"\" loading=\"lazy\" \/><\/a><\/figure><div class=\"elementor-image-box-content\"><h3 class=\"elementor-image-box-title\"><a href=\"http:\/\/sigmapro.mx\/blog\/lecciones-lean-de-cobra-kai-y-karate-kid\/\">Lecciones Lean de Cobra Kai(zen) y Karate Kid<\/a><\/h3><p class=\"elementor-image-box-description\">Retoma la historia de Karate Kid 30 a\u00f1os despu\u00e9s desde la perspectiva del villano, Johnny Lawrence, el mat\u00f3n de la escuela secundaria que empuj\u00f3 al h\u00e9roe adolescente de Karate Kid, Daniel Larusso, a aprender Karate tradicional de Okinawa con el sensei supremo, el Sr. Miyagi.<\/p><\/div><\/div>\t\t<\/div>\n\t\t\t\t<\/div>\n\t\t\t\t\t<\/div>\n\t\t<\/div>\n\t\t\t\t\t\t\t<\/div>\n\t\t<\/section>\n\t\t\t\t<section class=\"elementor-section elementor-top-section elementor-element elementor-element-e1c4213 elementor-section-boxed elementor-section-height-default elementor-section-height-default\" data-id=\"e1c4213\" data-element_type=\"section\">\n\t\t\t\t\t\t<div class=\"elementor-container elementor-column-gap-default\">\n\t\t\t\t\t<div class=\"elementor-column elementor-col-33 elementor-top-column elementor-element elementor-element-bcd9d14\" data-id=\"bcd9d14\" data-element_type=\"column\">\n\t\t\t<div class=\"elementor-widget-wrap elementor-element-populated\">\n\t\t\t\t\t\t\t\t<div class=\"elementor-element elementor-element-3b1e7ec elementor-position-top elementor-vertical-align-top elementor-widget elementor-widget-image-box\" data-id=\"3b1e7ec\" data-element_type=\"widget\" data-widget_type=\"image-box.default\">\n\t\t\t\t<div class=\"elementor-widget-container\">\n\t\t\t<div class=\"elementor-image-box-wrapper\"><figure class=\"elementor-image-box-img\"><a href=\"http:\/\/sigmapro.mx\/blog\/como-encaja-lean-en-la-industria-4-0\/\"><img width=\"303\" height=\"204\" src=\"http:\/\/sigmapro.mx\/blog\/wp-content\/uploads\/2022\/04\/1752.jpg\" class=\"attachment-full size-full\" alt=\"\" loading=\"lazy\" \/><\/a><\/figure><div class=\"elementor-image-box-content\"><h3 class=\"elementor-image-box-title\"><a href=\"http:\/\/sigmapro.mx\/blog\/como-encaja-lean-en-la-industria-4-0\/\">\u00bfC\u00f3mo encaja Lean en la Industria 4.0?<\/a><\/h3><p class=\"elementor-image-box-description\">Creo que las empresas que quieran crecer y mantenerse durante las pr\u00f3ximas d\u00e9cadas utilizar\u00e1n la tecnolog\u00eda para mejorar su capacidad de resoluci\u00f3n de problemas impulsada por las personas.<\/p><\/div><\/div>\t\t<\/div>\n\t\t\t\t<\/div>\n\t\t\t\t\t<\/div>\n\t\t<\/div>\n\t\t\t\t<div class=\"elementor-column elementor-col-33 elementor-top-column elementor-element elementor-element-caa0789\" data-id=\"caa0789\" data-element_type=\"column\">\n\t\t\t<div class=\"elementor-widget-wrap elementor-element-populated\">\n\t\t\t\t\t\t\t\t<div class=\"elementor-element elementor-element-3c14ab9 elementor-position-top elementor-vertical-align-top elementor-widget elementor-widget-image-box\" data-id=\"3c14ab9\" data-element_type=\"widget\" data-widget_type=\"image-box.default\">\n\t\t\t\t<div class=\"elementor-widget-container\">\n\t\t\t<div class=\"elementor-image-box-wrapper\"><figure class=\"elementor-image-box-img\"><a href=\"http:\/\/sigmapro.mx\/blog\/haciendo-un-restaurante-mas-lean-y-seguro\/\"><img width=\"300\" height=\"201\" src=\"http:\/\/sigmapro.mx\/blog\/wp-content\/uploads\/2022\/04\/1753-300x201.jpg\" class=\"attachment-medium size-medium\" alt=\"\" loading=\"lazy\" \/><\/a><\/figure><div class=\"elementor-image-box-content\"><h3 class=\"elementor-image-box-title\"><a href=\"http:\/\/sigmapro.mx\/blog\/haciendo-un-restaurante-mas-lean-y-seguro\/\">Haciendo un restaurante m\u00e1s lean y seguro<\/a><\/h3><p class=\"elementor-image-box-description\">Un hotel en Espa\u00f1a ha sido capaz de aprovechar el Lean Thinking en su restaurante para adaptarse con \u00e9xito a las nuevas regulaciones Covid-19 aplicadas en el pa\u00eds, haci\u00e9ndose m\u00e1s eficiente en el camino.<\/p><\/div><\/div>\t\t<\/div>\n\t\t\t\t<\/div>\n\t\t\t\t\t<\/div>\n\t\t<\/div>\n\t\t\t\t<div class=\"elementor-column elementor-col-33 elementor-top-column elementor-element elementor-element-1725e9c\" data-id=\"1725e9c\" data-element_type=\"column\">\n\t\t\t<div class=\"elementor-widget-wrap elementor-element-populated\">\n\t\t\t\t\t\t\t\t<div class=\"elementor-element elementor-element-acce4f0 elementor-position-top elementor-vertical-align-top elementor-widget elementor-widget-image-box\" data-id=\"acce4f0\" data-element_type=\"widget\" data-widget_type=\"image-box.default\">\n\t\t\t\t<div class=\"elementor-widget-container\">\n\t\t\t<div class=\"elementor-image-box-wrapper\"><figure class=\"elementor-image-box-img\"><a href=\"http:\/\/sigmapro.mx\/blog\/lean-six-sigma-y-el-combate-al-covid-19\/\"><img width=\"286\" height=\"181\" src=\"http:\/\/sigmapro.mx\/blog\/wp-content\/uploads\/2022\/04\/1751.jpg\" class=\"attachment-full size-full\" alt=\"\" loading=\"lazy\" \/><\/a><\/figure><div class=\"elementor-image-box-content\"><h3 class=\"elementor-image-box-title\"><a href=\"http:\/\/sigmapro.mx\/blog\/lean-six-sigma-y-el-combate-al-covid-19\/\">Lean Six Sigma y el combate al covid-19<\/a><\/h3><p class=\"elementor-image-box-description\">Lean Six Sigma ofrece herramientas para mejorar la eficacia y eficiencia de los procesos de cualquier organizaci\u00f3n, por ejemplo, hospitales y cl\u00ednicas.<\/p><\/div><\/div>\t\t<\/div>\n\t\t\t\t<\/div>\n\t\t\t\t\t<\/div>\n\t\t<\/div>\n\t\t\t\t\t\t\t<\/div>\n\t\t<\/section>\n\t\t\t\t<section class=\"elementor-section elementor-top-section elementor-element elementor-element-2c19035 elementor-section-boxed elementor-section-height-default elementor-section-height-default\" data-id=\"2c19035\" data-element_type=\"section\">\n\t\t\t\t\t\t<div class=\"elementor-container elementor-column-gap-default\">\n\t\t\t\t\t<div class=\"elementor-column elementor-col-33 elementor-top-column elementor-element elementor-element-347abe6\" data-id=\"347abe6\" data-element_type=\"column\">\n\t\t\t<div class=\"elementor-widget-wrap elementor-element-populated\">\n\t\t\t\t\t\t\t\t<div class=\"elementor-element elementor-element-494494a elementor-position-top elementor-vertical-align-top elementor-widget elementor-widget-image-box\" data-id=\"494494a\" data-element_type=\"widget\" data-widget_type=\"image-box.default\">\n\t\t\t\t<div class=\"elementor-widget-container\">\n\t\t\t<div class=\"elementor-image-box-wrapper\"><figure class=\"elementor-image-box-img\"><a href=\"http:\/\/sigmapro.mx\/blog\/poniendo-al-cliente-en-el-corazon-de-los-servicios-publicos\/\"><img width=\"315\" height=\"210\" src=\"http:\/\/sigmapro.mx\/blog\/wp-content\/uploads\/2022\/04\/1763.jpg\" class=\"attachment-full size-full\" alt=\"\" loading=\"lazy\" \/><\/a><\/figure><div class=\"elementor-image-box-content\"><h3 class=\"elementor-image-box-title\"><a href=\"http:\/\/sigmapro.mx\/blog\/poniendo-al-cliente-en-el-corazon-de-los-servicios-publicos\/\">Poniendo al cliente en el coraz\u00f3n de los servicios p\u00fablicos<\/a><\/h3><p class=\"elementor-image-box-description\">Esta historia sobre la aplicaci\u00f3n del Lean en el cuidado de adultos mayores en un municipio Noruego, demuestra los grandes avances que se pueden hacer en la prestaci\u00f3n de un mejor servicio a los ciudadanos si sus necesidades se convierten en el centro del trabajo.<\/p><\/div><\/div>\t\t<\/div>\n\t\t\t\t<\/div>\n\t\t\t\t\t<\/div>\n\t\t<\/div>\n\t\t\t\t<div class=\"elementor-column elementor-col-33 elementor-top-column elementor-element elementor-element-35d9609\" data-id=\"35d9609\" data-element_type=\"column\">\n\t\t\t<div class=\"elementor-widget-wrap elementor-element-populated\">\n\t\t\t\t\t\t\t\t<div class=\"elementor-element elementor-element-f1c76b1 elementor-position-top elementor-vertical-align-top elementor-widget elementor-widget-image-box\" data-id=\"f1c76b1\" data-element_type=\"widget\" data-widget_type=\"image-box.default\">\n\t\t\t\t<div class=\"elementor-widget-container\">\n\t\t\t<div class=\"elementor-image-box-wrapper\"><figure class=\"elementor-image-box-img\"><a href=\"http:\/\/sigmapro.mx\/blog\/por-que-lean-marketing-es-el-futuro\/\"><img width=\"304\" height=\"202\" src=\"http:\/\/sigmapro.mx\/blog\/wp-content\/uploads\/2022\/04\/1771.jpg\" class=\"attachment-full size-full\" alt=\"\" loading=\"lazy\" \/><\/a><\/figure><div class=\"elementor-image-box-content\"><h3 class=\"elementor-image-box-title\"><a href=\"http:\/\/sigmapro.mx\/blog\/por-que-lean-marketing-es-el-futuro\/\">\u00bfPor qu\u00e9 Lean Marketing es el futuro?<\/a><\/h3><p class=\"elementor-image-box-description\">Ninguna organizaci\u00f3n puede esperar sobrevivir sin una estrategia de marketing s\u00f3lida.<\/p><\/div><\/div>\t\t<\/div>\n\t\t\t\t<\/div>\n\t\t\t\t\t<\/div>\n\t\t<\/div>\n\t\t\t\t<div class=\"elementor-column elementor-col-33 elementor-top-column elementor-element elementor-element-72ebff6\" data-id=\"72ebff6\" data-element_type=\"column\">\n\t\t\t<div class=\"elementor-widget-wrap elementor-element-populated\">\n\t\t\t\t\t\t\t\t<div class=\"elementor-element elementor-element-e54122c elementor-position-top elementor-vertical-align-top elementor-widget elementor-widget-image-box\" data-id=\"e54122c\" data-element_type=\"widget\" data-widget_type=\"image-box.default\">\n\t\t\t\t<div class=\"elementor-widget-container\">\n\t\t\t<div class=\"elementor-image-box-wrapper\"><figure class=\"elementor-image-box-img\"><a href=\"http:\/\/sigmapro.mx\/blog\/7-practicas-que-ayudan-a-los-lideres-a-enfrentar-los-desafios-del-covid-19\/\"><img width=\"319\" height=\"212\" src=\"http:\/\/sigmapro.mx\/blog\/wp-content\/uploads\/2022\/04\/1770.jpg\" class=\"attachment-full size-full\" alt=\"\" loading=\"lazy\" \/><\/a><\/figure><div class=\"elementor-image-box-content\"><h3 class=\"elementor-image-box-title\"><a href=\"http:\/\/sigmapro.mx\/blog\/7-practicas-que-ayudan-a-los-lideres-a-enfrentar-los-desafios-del-covid-19\/\">7 pr\u00e1cticas que ayudan a los l\u00edderes a enfrentar los desaf\u00edos del COVID-19<\/a><\/h3><p class=\"elementor-image-box-description\">\u00bfC\u00f3mo diriges los equipos a distancia? \u00bfC\u00f3mo mantener y profundizar la conexi\u00f3n con tu gente? \u00bfC\u00f3mo mantener la motivaci\u00f3n alta enfrentando creativamente los nuevos desaf\u00edos? Echa un vistazo a estos consejos inspirados en el pensamiento Lean<\/p><\/div><\/div>\t\t<\/div>\n\t\t\t\t<\/div>\n\t\t\t\t\t<\/div>\n\t\t<\/div>\n\t\t\t\t\t\t\t<\/div>\n\t\t<\/section>\n\t\t\t\t<section class=\"elementor-section elementor-top-section elementor-element elementor-element-2392f26 elementor-section-boxed elementor-section-height-default elementor-section-height-default\" data-id=\"2392f26\" data-element_type=\"section\">\n\t\t\t\t\t\t<div class=\"elementor-container elementor-column-gap-default\">\n\t\t\t\t\t<div class=\"elementor-column elementor-col-33 elementor-top-column elementor-element elementor-element-d1c9327\" data-id=\"d1c9327\" data-element_type=\"column\">\n\t\t\t<div class=\"elementor-widget-wrap elementor-element-populated\">\n\t\t\t\t\t\t\t\t<div class=\"elementor-element elementor-element-a42c2de elementor-position-top elementor-vertical-align-top elementor-widget elementor-widget-image-box\" data-id=\"a42c2de\" data-element_type=\"widget\" data-widget_type=\"image-box.default\">\n\t\t\t\t<div class=\"elementor-widget-container\">\n\t\t\t<div class=\"elementor-image-box-wrapper\"><figure class=\"elementor-image-box-img\"><a href=\"http:\/\/sigmapro.mx\/blog\/lean-six-sigma-en-tiempos-de-crisis\/\"><img width=\"275\" height=\"181\" src=\"http:\/\/sigmapro.mx\/blog\/wp-content\/uploads\/2022\/04\/4477.jpg\" class=\"attachment-full size-full\" alt=\"\" loading=\"lazy\" \/><\/a><\/figure><div class=\"elementor-image-box-content\"><h3 class=\"elementor-image-box-title\"><a href=\"http:\/\/sigmapro.mx\/blog\/lean-six-sigma-en-tiempos-de-crisis\/\">Lean Six Sigma en tiempos de crisis<\/a><\/h3><p class=\"elementor-image-box-description\">La crisis llega, antes, o despu\u00e9s, pero aparece, y el problema no solo est\u00e1 en que surja, sino en c\u00f3mo actuar cuando nos damos cuenta de ella. <\/p><\/div><\/div>\t\t<\/div>\n\t\t\t\t<\/div>\n\t\t\t\t\t<\/div>\n\t\t<\/div>\n\t\t\t\t<div class=\"elementor-column elementor-col-33 elementor-top-column elementor-element elementor-element-4bd2677\" data-id=\"4bd2677\" data-element_type=\"column\">\n\t\t\t<div class=\"elementor-widget-wrap\">\n\t\t\t\t\t\t\t\t\t<\/div>\n\t\t<\/div>\n\t\t\t\t<div class=\"elementor-column elementor-col-33 elementor-top-column elementor-element elementor-element-93d8201\" data-id=\"93d8201\" data-element_type=\"column\">\n\t\t\t<div class=\"elementor-widget-wrap\">\n\t\t\t\t\t\t\t\t\t<\/div>\n\t\t<\/div>\n\t\t\t\t\t\t\t<\/div>\n\t\t<\/section>\n\t\t\t\t<section class=\"elementor-section elementor-top-section elementor-element elementor-element-f5d69db elementor-section-boxed elementor-section-height-default elementor-section-height-default\" data-id=\"f5d69db\" data-element_type=\"section\">\n\t\t\t\t\t\t<div class=\"elementor-container elementor-column-gap-default\">\n\t\t\t\t\t<div class=\"elementor-column elementor-col-100 elementor-top-column elementor-element elementor-element-a611013\" data-id=\"a611013\" data-element_type=\"column\">\n\t\t\t<div class=\"elementor-widget-wrap\">\n\t\t\t\t\t\t\t\t\t<\/div>\n\t\t<\/div>\n\t\t\t\t\t\t\t<\/div>\n\t\t<\/section>\n\t\t\t\t\t\t\t<\/div>\n\t\t","protected":false},"excerpt":{"rendered":"<p>Manos a la obra, implementa Six Sigma en 5 pasos Tomar decisiones inteligentes sobre que metodolog\u00eda aplicar a cada proyecto que atienda las oportunidades m\u00e1s evidentes es uno de los pasos m\u00e1s importantes en un despliegue. \u00bfQu\u00e9 tan Lean es Amazon? El fundador de Amazon, Jeff Bezos, ha citado con frecuencia el libro Lean Thinking &hellip;<\/p>\n<p class=\"read-more\"> <a class=\"\" href=\"http:\/\/sigmapro.mx\/blog\/aula-virtual\/\"> <span class=\"screen-reader-text\">Aula Virtual<\/span> Leer m\u00e1s &raquo;<\/a><\/p>\n","protected":false},"author":1,"featured_media":0,"parent":0,"menu_order":0,"comment_status":"closed","ping_status":"closed","template":"","meta":{"site-sidebar-layout":"no-sidebar","site-content-layout":"page-builder","ast-main-header-display":"","ast-hfb-above-header-display":"","ast-hfb-below-header-display":"","ast-hfb-mobile-header-display":"","site-post-title":"disabled","ast-breadcrumbs-content":"","ast-featured-img":"disabled","footer-sml-layout":"","theme-transparent-header-meta":"","adv-header-id-meta":"","stick-header-meta":"","header-above-stick-meta":"","header-main-stick-meta":"","header-below-stick-meta":""},"_links":{"self":[{"href":"http:\/\/sigmapro.mx\/blog\/wp-json\/wp\/v2\/pages\/350"}],"collection":[{"href":"http:\/\/sigmapro.mx\/blog\/wp-json\/wp\/v2\/pages"}],"about":[{"href":"http:\/\/sigmapro.mx\/blog\/wp-json\/wp\/v2\/types\/page"}],"author":[{"embeddable":true,"href":"http:\/\/sigmapro.mx\/blog\/wp-json\/wp\/v2\/users\/1"}],"replies":[{"embeddable":true,"href":"http:\/\/sigmapro.mx\/blog\/wp-json\/wp\/v2\/comments?post=350"}],"version-history":[{"count":19,"href":"http:\/\/sigmapro.mx\/blog\/wp-json\/wp\/v2\/pages\/350\/revisions"}],"predecessor-version":[{"id":526,"href":"http:\/\/sigmapro.mx\/blog\/wp-json\/wp\/v2\/pages\/350\/revisions\/526"}],"wp:attachment":[{"href":"http:\/\/sigmapro.mx\/blog\/wp-json\/wp\/v2\/media?parent=350"}],"curies":[{"name":"wp","href":"https:\/\/api.w.org\/{rel}","templated":true}]}}