{"id":85,"date":"2022-04-08T17:12:00","date_gmt":"2022-04-08T17:12:00","guid":{"rendered":"http:\/\/sigmapro.mx\/blog\/?page_id=85"},"modified":"2022-04-18T13:12:54","modified_gmt":"2022-04-18T13:12:54","slug":"insignia-yellow-belt","status":"publish","type":"page","link":"http:\/\/sigmapro.mx\/blog\/insignia-yellow-belt\/","title":{"rendered":"Yellow Belt"},"content":{"rendered":"\t\t<div data-elementor-type=\"wp-page\" data-elementor-id=\"85\" class=\"elementor elementor-85\">\n\t\t\t\t\t\t\t\t\t<section class=\"elementor-section elementor-top-section elementor-element elementor-element-5fa2068 elementor-section-boxed elementor-section-height-default elementor-section-height-default\" data-id=\"5fa2068\" data-element_type=\"section\">\n\t\t\t\t\t\t<div class=\"elementor-container elementor-column-gap-default\">\n\t\t\t\t\t<div class=\"elementor-column elementor-col-100 elementor-top-column elementor-element elementor-element-62c04fb\" data-id=\"62c04fb\" data-element_type=\"column\">\n\t\t\t<div class=\"elementor-widget-wrap elementor-element-populated\">\n\t\t\t\t\t\t\t\t<div class=\"elementor-element elementor-element-be24730 elementor-widget elementor-widget-image\" data-id=\"be24730\" data-element_type=\"widget\" data-widget_type=\"image.default\">\n\t\t\t\t<div class=\"elementor-widget-container\">\n\t\t\t<style>\/*! elementor - v3.6.2 - 04-04-2022 *\/\n.elementor-widget-image{text-align:center}.elementor-widget-image a{display:inline-block}.elementor-widget-image a img[src$=\".svg\"]{width:48px}.elementor-widget-image img{vertical-align:middle;display:inline-block}<\/style>\t\t\t\t\t\t\t\t\t\t\t\t<img width=\"300\" height=\"300\" src=\"http:\/\/sigmapro.mx\/blog\/wp-content\/uploads\/2022\/04\/Yellow-Belt-Badge-300x300.png\" class=\"attachment-medium size-medium\" alt=\"\" loading=\"lazy\" srcset=\"http:\/\/sigmapro.mx\/blog\/wp-content\/uploads\/2022\/04\/Yellow-Belt-Badge-300x300.png 300w, http:\/\/sigmapro.mx\/blog\/wp-content\/uploads\/2022\/04\/Yellow-Belt-Badge-150x150.png 150w, http:\/\/sigmapro.mx\/blog\/wp-content\/uploads\/2022\/04\/Yellow-Belt-Badge.png 600w\" sizes=\"(max-width: 300px) 100vw, 300px\" \/>\t\t\t\t\t\t\t\t\t\t\t\t\t\t\t<\/div>\n\t\t\t\t<\/div>\n\t\t\t\t<div class=\"elementor-element elementor-element-4bc7272 elementor-widget elementor-widget-heading\" data-id=\"4bc7272\" data-element_type=\"widget\" data-widget_type=\"heading.default\">\n\t\t\t\t<div class=\"elementor-widget-container\">\n\t\t\t<style>\/*! elementor - v3.6.2 - 04-04-2022 *\/\n.elementor-heading-title{padding:0;margin:0;line-height:1}.elementor-widget-heading .elementor-heading-title[class*=elementor-size-]>a{color:inherit;font-size:inherit;line-height:inherit}.elementor-widget-heading .elementor-heading-title.elementor-size-small{font-size:15px}.elementor-widget-heading .elementor-heading-title.elementor-size-medium{font-size:19px}.elementor-widget-heading .elementor-heading-title.elementor-size-large{font-size:29px}.elementor-widget-heading .elementor-heading-title.elementor-size-xl{font-size:39px}.elementor-widget-heading .elementor-heading-title.elementor-size-xxl{font-size:59px}<\/style><h1 class=\"elementor-heading-title elementor-size-default\">Certificaci\u00f3n Six Sigma Yellow Belt<\/h1>\t\t<\/div>\n\t\t\t\t<\/div>\n\t\t\t\t<div class=\"elementor-element elementor-element-3e6aa99 elementor-widget elementor-widget-text-editor\" data-id=\"3e6aa99\" data-element_type=\"widget\" data-widget_type=\"text-editor.default\">\n\t\t\t\t<div class=\"elementor-widget-container\">\n\t\t\t<style>\/*! elementor - v3.6.2 - 04-04-2022 *\/\n.elementor-widget-text-editor.elementor-drop-cap-view-stacked .elementor-drop-cap{background-color:#818a91;color:#fff}.elementor-widget-text-editor.elementor-drop-cap-view-framed .elementor-drop-cap{color:#818a91;border:3px solid;background-color:transparent}.elementor-widget-text-editor:not(.elementor-drop-cap-view-default) .elementor-drop-cap{margin-top:8px}.elementor-widget-text-editor:not(.elementor-drop-cap-view-default) .elementor-drop-cap-letter{width:1em;height:1em}.elementor-widget-text-editor .elementor-drop-cap{float:left;text-align:center;line-height:1;font-size:50px}.elementor-widget-text-editor .elementor-drop-cap-letter{display:inline-block}<\/style>\t\t\t\t<p>Programa de Certificaci\u00f3n de 24 horas, el participante conoce la metodolog\u00eda DMAIC y adquiere habilidades para participar en proyectos de mejora; Comprenden, ayudan y utilizan las herramientas en Six Sigma. Identifican y participan en la soluci\u00f3n de los problemas estrat\u00e9gicos que impactan en la organizaci\u00f3n, como tambi\u00e9n apoyan y facilitan la implementaci\u00f3n de la metodolog\u00eda DMAIC dirigidos por Green Belts y Black Belt.<\/p><p><b>Criterios para obtener la certificaci\u00f3n:<\/b><\/p><ul><li>24 horas de capacitaci\u00f3n<\/li><li>Examen de certificaci\u00f3n APROBADO<\/li><\/ul><p><strong>Validez de la certificaci\u00f3n:<\/strong><\/p><ul><li>Certificaci\u00f3n Internacional<\/li><li>Certificaci\u00f3n Permanente (no tiene vigencia)<\/li><\/ul>\t\t\t\t\t\t<\/div>\n\t\t\t\t<\/div>\n\t\t\t\t\t<\/div>\n\t\t<\/div>\n\t\t\t\t\t\t\t<\/div>\n\t\t<\/section>\n\t\t\t\t\t\t\t<\/div>\n\t\t","protected":false},"excerpt":{"rendered":"<p>Certificaci\u00f3n Six Sigma Yellow Belt Programa de Certificaci\u00f3n de 24 horas, el participante conoce la metodolog\u00eda DMAIC y adquiere habilidades para participar en proyectos de mejora; Comprenden, ayudan y utilizan las herramientas en Six Sigma. Identifican y participan en la soluci\u00f3n de los problemas estrat\u00e9gicos que impactan en la organizaci\u00f3n, como tambi\u00e9n apoyan y facilitan &hellip;<\/p>\n<p class=\"read-more\"> <a class=\"\" href=\"http:\/\/sigmapro.mx\/blog\/insignia-yellow-belt\/\"> <span class=\"screen-reader-text\">Yellow Belt<\/span> Leer m\u00e1s &raquo;<\/a><\/p>\n","protected":false},"author":1,"featured_media":0,"parent":0,"menu_order":0,"comment_status":"closed","ping_status":"closed","template":"","meta":{"site-sidebar-layout":"no-sidebar","site-content-layout":"page-builder","ast-main-header-display":"","ast-hfb-above-header-display":"","ast-hfb-below-header-display":"","ast-hfb-mobile-header-display":"","site-post-title":"disabled","ast-breadcrumbs-content":"","ast-featured-img":"disabled","footer-sml-layout":"","theme-transparent-header-meta":"","adv-header-id-meta":"","stick-header-meta":"","header-above-stick-meta":"","header-main-stick-meta":"","header-below-stick-meta":""},"_links":{"self":[{"href":"http:\/\/sigmapro.mx\/blog\/wp-json\/wp\/v2\/pages\/85"}],"collection":[{"href":"http:\/\/sigmapro.mx\/blog\/wp-json\/wp\/v2\/pages"}],"about":[{"href":"http:\/\/sigmapro.mx\/blog\/wp-json\/wp\/v2\/types\/page"}],"author":[{"embeddable":true,"href":"http:\/\/sigmapro.mx\/blog\/wp-json\/wp\/v2\/users\/1"}],"replies":[{"embeddable":true,"href":"http:\/\/sigmapro.mx\/blog\/wp-json\/wp\/v2\/comments?post=85"}],"version-history":[{"count":31,"href":"http:\/\/sigmapro.mx\/blog\/wp-json\/wp\/v2\/pages\/85\/revisions"}],"predecessor-version":[{"id":275,"href":"http:\/\/sigmapro.mx\/blog\/wp-json\/wp\/v2\/pages\/85\/revisions\/275"}],"wp:attachment":[{"href":"http:\/\/sigmapro.mx\/blog\/wp-json\/wp\/v2\/media?parent=85"}],"curies":[{"name":"wp","href":"https:\/\/api.w.org\/{rel}","templated":true}]}}